{"id":1675,"date":"2023-04-13T11:09:36","date_gmt":"2023-04-13T14:09:36","guid":{"rendered":"https:\/\/amdaf.org\/?page_id=1675"},"modified":"2023-04-14T12:14:50","modified_gmt":"2023-04-14T15:14:50","slug":"etica-e-transparencia","status":"publish","type":"page","link":"https:\/\/amdaf.org\/en\/etica-e-transparencia\/","title":{"rendered":"Ethics and Transparency"},"content":{"rendered":"<div data-elementor-type=\"wp-page\" data-elementor-id=\"1675\" class=\"elementor elementor-1675\">\n\t\t\t\t\t\t<section class=\"elementor-section elementor-top-section elementor-element elementor-element-42544f45 elementor-section-height-min-height elementor-section-boxed elementor-section-height-default elementor-section-items-middle\" data-id=\"42544f45\" data-element_type=\"section\" data-settings=\"{&quot;background_background&quot;:&quot;classic&quot;}\">\n\t\t\t\t\t\t\t<div class=\"elementor-background-overlay\"><\/div>\n\t\t\t\t\t\t\t<div class=\"elementor-container elementor-column-gap-default\">\n\t\t\t\t\t<div class=\"elementor-column elementor-col-100 elementor-top-column elementor-element elementor-element-4d838e5a\" data-id=\"4d838e5a\" data-element_type=\"column\">\n\t\t\t<div class=\"elementor-widget-wrap elementor-element-populated\">\n\t\t\t\t\t\t<div class=\"elementor-element elementor-element-5aec925f elementor-widget elementor-widget-elementskit-heading\" data-id=\"5aec925f\" data-element_type=\"widget\" data-widget_type=\"elementskit-heading.default\">\n\t\t\t\t<div class=\"elementor-widget-container\">\n\t\t\t\t\t<div class=\"ekit-wid-con\" ><div class=\"ekit-heading elementskit-section-title-wraper text_left   ekit_heading_tablet-text_center   ekit_heading_mobile-text_center\"><h2 class=\"ekit-heading--title elementskit-section-title\">Ethics and Transparency<\/h2><\/div><\/div>\t\t\t\t<\/div>\n\t\t\t\t<\/div>\n\t\t\t\t\t<\/div>\n\t\t<\/div>\n\t\t\t\t\t<\/div>\n\t\t<\/section>\n\t\t\t\t<section class=\"elementor-section elementor-top-section elementor-element elementor-element-7ccfbdc8 elementor-section-boxed elementor-section-height-default elementor-section-height-default\" data-id=\"7ccfbdc8\" data-element_type=\"section\" data-settings=\"{&quot;background_background&quot;:&quot;gradient&quot;}\">\n\t\t\t\t\t\t<div class=\"elementor-container elementor-column-gap-no\">\n\t\t\t\t\t<div class=\"elementor-column elementor-col-100 elementor-top-column elementor-element elementor-element-4c8677e5\" data-id=\"4c8677e5\" data-element_type=\"column\">\n\t\t\t<div class=\"elementor-widget-wrap elementor-element-populated\">\n\t\t\t\t\t\t<section class=\"elementor-section elementor-inner-section elementor-element elementor-element-5472b017 animated-slow elementor-section-boxed elementor-section-height-default elementor-section-height-default elementor-invisible\" data-id=\"5472b017\" data-element_type=\"section\" data-settings=\"{&quot;animation&quot;:&quot;fadeInUp&quot;}\">\n\t\t\t\t\t\t<div class=\"elementor-container elementor-column-gap-default\">\n\t\t\t\t\t<div class=\"elementor-column elementor-col-100 elementor-inner-column elementor-element elementor-element-ab205c0\" data-id=\"ab205c0\" data-element_type=\"column\">\n\t\t\t<div class=\"elementor-widget-wrap elementor-element-populated\">\n\t\t\t\t\t\t<div class=\"elementor-element elementor-element-6e741e02 animated-slow elementor-invisible elementor-widget elementor-widget-elementskit-heading\" data-id=\"6e741e02\" data-element_type=\"widget\" data-settings=\"{&quot;_animation&quot;:&quot;fadeInUp&quot;}\" data-widget_type=\"elementskit-heading.default\">\n\t\t\t\t<div class=\"elementor-widget-container\">\n\t\t\t\t\t<div class=\"ekit-wid-con\" ><div class=\"ekit-heading elementskit-section-title-wraper text_center   ekit_heading_tablet-   ekit_heading_mobile-\"><a href=\"https:\/\/drive.google.com\/file\/d\/1ewPjFWX8igpI2zYnXNOaqVa756tmpgRW\/view?usp=sharing\" target=\"_blank\"><h2 class=\"ekit-heading--title elementskit-section-title\">AMDAF Anti-Fraud and Anti-Corruption Policy (Portuguese)<\/h2><\/a><\/div><\/div>\t\t\t\t<\/div>\n\t\t\t\t<\/div>\n\t\t\t\t<div class=\"elementor-element elementor-element-7bcb90d animated-slow elementor-invisible elementor-widget elementor-widget-elementskit-heading\" data-id=\"7bcb90d\" data-element_type=\"widget\" data-settings=\"{&quot;_animation&quot;:&quot;fadeInUp&quot;}\" data-widget_type=\"elementskit-heading.default\">\n\t\t\t\t<div class=\"elementor-widget-container\">\n\t\t\t\t\t<div class=\"ekit-wid-con\" ><div class=\"ekit-heading elementskit-section-title-wraper text_center   ekit_heading_tablet-   ekit_heading_mobile-\"><a href=\"https:\/\/drive.google.com\/file\/d\/1lLus-6hsxOmBH13cnGyyz0MWa5coMo1B\/view?usp=sharing\" target=\"_blank\"><h2 class=\"ekit-heading--title elementskit-section-title\">AMDAF Code of Ethics and Integrity Policy (Portuguese)<\/h2><\/a><\/div><\/div>\t\t\t\t<\/div>\n\t\t\t\t<\/div>\n\t\t\t\t\t<\/div>\n\t\t<\/div>\n\t\t\t\t\t<\/div>\n\t\t<\/section>\n\t\t\t\t\t<\/div>\n\t\t<\/div>\n\t\t\t\t\t<\/div>\n\t\t<\/section>\n\t\t\t\t<section class=\"elementor-section elementor-top-section elementor-element elementor-element-bad3055 elementor-section-boxed elementor-section-height-default elementor-section-height-default\" data-id=\"bad3055\" data-element_type=\"section\">\n\t\t\t\t\t\t<div class=\"elementor-container elementor-column-gap-default\">\n\t\t\t\t\t<div class=\"elementor-column elementor-col-100 elementor-top-column elementor-element elementor-element-42353b6\" data-id=\"42353b6\" data-element_type=\"column\">\n\t\t\t<div class=\"elementor-widget-wrap elementor-element-populated\">\n\t\t\t\t\t\t<div class=\"elementor-element elementor-element-6ce14f8 elementor-widget elementor-widget-spacer\" data-id=\"6ce14f8\" data-element_type=\"widget\" data-widget_type=\"spacer.default\">\n\t\t\t\t<div class=\"elementor-widget-container\">\n\t\t\t\t\t\t\t<div class=\"elementor-spacer\">\n\t\t\t<div class=\"elementor-spacer-inner\"><\/div>\n\t\t<\/div>\n\t\t\t\t\t\t<\/div>\n\t\t\t\t<\/div>\n\t\t\t\t<div class=\"elementor-element elementor-element-000e07c elementor-widget elementor-widget-heading\" data-id=\"000e07c\" data-element_type=\"widget\" data-widget_type=\"heading.default\">\n\t\t\t\t<div class=\"elementor-widget-container\">\n\t\t\t\t\t<h2 class=\"elementor-heading-title elementor-size-default\">Documents<\/h2>\t\t\t\t<\/div>\n\t\t\t\t<\/div>\n\t\t\t\t\t<\/div>\n\t\t<\/div>\n\t\t\t\t\t<\/div>\n\t\t<\/section>\n\t\t\t\t<section class=\"elementor-section elementor-inner-section elementor-element elementor-element-76c8c6dc elementor-section-boxed elementor-section-height-default elementor-section-height-default\" data-id=\"76c8c6dc\" data-element_type=\"section\">\n\t\t\t\t\t\t<div class=\"elementor-container elementor-column-gap-default\">\n\t\t\t\t\t<div class=\"elementor-column elementor-col-33 elementor-inner-column elementor-element elementor-element-6269da9b\" data-id=\"6269da9b\" data-element_type=\"column\">\n\t\t\t<div class=\"elementor-widget-wrap elementor-element-populated\">\n\t\t\t\t\t\t<div class=\"elementor-element elementor-element-1e480dbf ekit-equal-height-disable elementor-widget elementor-widget-elementskit-icon-box\" data-id=\"1e480dbf\" data-element_type=\"widget\" data-widget_type=\"elementskit-icon-box.default\">\n\t\t\t\t<div class=\"elementor-widget-container\">\n\t\t\t\t\t<div class=\"ekit-wid-con\" >        <!-- link opening -->\n                <a href=\"https:\/\/drive.google.com\/file\/d\/11C0L5W-njxNY7mjA0K_fVvwyhs0KAKah\/view?usp=sharing\" target=\"_blank\" class=\"ekit_global_links\">\n                <!-- end link opening -->\n\n        <div class=\"elementskit-infobox text-center text- icon-top-align elementor-animation-\">\n                    <div class=\"elementskit-box-header elementor-animation-\">\n                <div class=\"elementskit-info-box-icon\">\n                    <i aria-hidden=\"true\" class=\"elementkit-infobox-icon icon icon-book1\"><\/i>\n                <\/div>\n          <\/div>\n                        <div class=\"box-body\">\n                            <h3 class=\"elementskit-info-box-title\">\n                    2022                <\/h3>\n                        \t\t  \t<p>Work Balance Sheet<\/p>\n                                <\/div>\n        \n        \n                <\/div>\n                <\/a>\n        <\/div>\t\t\t\t<\/div>\n\t\t\t\t<\/div>\n\t\t\t\t<div class=\"elementor-element elementor-element-679b4777 ekit-equal-height-disable elementor-widget elementor-widget-elementskit-icon-box\" data-id=\"679b4777\" data-element_type=\"widget\" data-widget_type=\"elementskit-icon-box.default\">\n\t\t\t\t<div class=\"elementor-widget-container\">\n\t\t\t\t\t<div class=\"ekit-wid-con\" >        <!-- link opening -->\n                <a href=\"https:\/\/drive.google.com\/file\/d\/1DQZN-OP4tqMdz-UDs1QzrKvPBpwSinxi\/view?usp=sharing\" target=\"_blank\" class=\"ekit_global_links\">\n                <!-- end link opening -->\n\n        <div class=\"elementskit-infobox text-center text- icon-top-align elementor-animation-\">\n                    <div class=\"elementskit-box-header elementor-animation-\">\n                <div class=\"elementskit-info-box-icon\">\n                    <i aria-hidden=\"true\" class=\"elementkit-infobox-icon icon icon-book1\"><\/i>\n                <\/div>\n          <\/div>\n                        <div class=\"box-body\">\n                            <h3 class=\"elementskit-info-box-title\">\n                    2019                <\/h3>\n                        \t\t  \t<p>Work Balance Sheet<\/p>\n                                <\/div>\n        \n        \n                <\/div>\n                <\/a>\n        <\/div>\t\t\t\t<\/div>\n\t\t\t\t<\/div>\n\t\t\t\t\t<\/div>\n\t\t<\/div>\n\t\t\t\t<div class=\"elementor-column elementor-col-33 elementor-inner-column elementor-element elementor-element-15bfd33f\" data-id=\"15bfd33f\" data-element_type=\"column\">\n\t\t\t<div class=\"elementor-widget-wrap elementor-element-populated\">\n\t\t\t\t\t\t<div class=\"elementor-element elementor-element-2fcc5b92 ekit-equal-height-disable elementor-widget elementor-widget-elementskit-icon-box\" data-id=\"2fcc5b92\" data-element_type=\"widget\" data-widget_type=\"elementskit-icon-box.default\">\n\t\t\t\t<div class=\"elementor-widget-container\">\n\t\t\t\t\t<div class=\"ekit-wid-con\" >        <!-- link opening -->\n                <a href=\"https:\/\/drive.google.com\/file\/d\/1kQzdFwFL1eJSDYyAv5bJDI90YWgKDvwQ\/view?usp=sharing\" target=\"_blank\" class=\"ekit_global_links\">\n                <!-- end link opening -->\n\n        <div class=\"elementskit-infobox text-center text- icon-top-align elementor-animation-\">\n                    <div class=\"elementskit-box-header elementor-animation-\">\n                <div class=\"elementskit-info-box-icon\">\n                    <i aria-hidden=\"true\" class=\"elementkit-infobox-icon icon icon-book1\"><\/i>\n                <\/div>\n          <\/div>\n                        <div class=\"box-body\">\n                            <h3 class=\"elementskit-info-box-title\">\n                    2021                <\/h3>\n                        \t\t  \t<p>Work Balance Sheet<\/p>\n                                <\/div>\n        \n        \n                <\/div>\n                <\/a>\n        <\/div>\t\t\t\t<\/div>\n\t\t\t\t<\/div>\n\t\t\t\t<div class=\"elementor-element elementor-element-1b40e343 ekit-equal-height-disable elementor-widget elementor-widget-elementskit-icon-box\" data-id=\"1b40e343\" data-element_type=\"widget\" data-widget_type=\"elementskit-icon-box.default\">\n\t\t\t\t<div class=\"elementor-widget-container\">\n\t\t\t\t\t<div class=\"ekit-wid-con\" >        <!-- link opening -->\n                <a href=\"https:\/\/drive.google.com\/file\/d\/1zcAEN5ukt8UqWI3aHgxi7ITZ4YdYR684\/view?usp=sharing\" target=\"_blank\" class=\"ekit_global_links\">\n                <!-- end link opening -->\n\n        <div class=\"elementskit-infobox text-center text- icon-top-align elementor-animation-\">\n                    <div class=\"elementskit-box-header elementor-animation-\">\n                <div class=\"elementskit-info-box-icon\">\n                    <i aria-hidden=\"true\" class=\"elementkit-infobox-icon icon icon-book1\"><\/i>\n                <\/div>\n          <\/div>\n                        <div class=\"box-body\">\n                            <h3 class=\"elementskit-info-box-title\">\n                    2018                <\/h3>\n                        \t\t  \t<p>Work Balance Sheet<\/p>\n                                <\/div>\n        \n        \n                <\/div>\n                <\/a>\n        <\/div>\t\t\t\t<\/div>\n\t\t\t\t<\/div>\n\t\t\t\t<div class=\"elementor-element elementor-element-6f255f17 ekit-equal-height-disable elementor-widget elementor-widget-elementskit-icon-box\" data-id=\"6f255f17\" data-element_type=\"widget\" data-widget_type=\"elementskit-icon-box.default\">\n\t\t\t\t<div class=\"elementor-widget-container\">\n\t\t\t\t\t<div class=\"ekit-wid-con\" >        <!-- link opening -->\n                <a href=\"https:\/\/drive.google.com\/file\/d\/1GcZMz_E0ZiwGsl_wRHowouO099anpiV7\/view?usp=sharing\" target=\"_blank\" class=\"ekit_global_links\">\n                <!-- end link opening -->\n\n        <div class=\"elementskit-infobox text-center text- icon-top-align elementor-animation-\">\n                    <div class=\"elementskit-box-header elementor-animation-\">\n                <div class=\"elementskit-info-box-icon\">\n                    <i aria-hidden=\"true\" class=\"elementkit-infobox-icon icon icon-book1\"><\/i>\n                <\/div>\n          <\/div>\n                        <div class=\"box-body\">\n                            <h3 class=\"elementskit-info-box-title\">\n                    2016                <\/h3>\n                        \t\t  \t<p>Work Balance Sheet<\/p>\n                                <\/div>\n        \n        \n                <\/div>\n                <\/a>\n        <\/div>\t\t\t\t<\/div>\n\t\t\t\t<\/div>\n\t\t\t\t\t<\/div>\n\t\t<\/div>\n\t\t\t\t<div class=\"elementor-column elementor-col-33 elementor-inner-column elementor-element elementor-element-74c5bbc\" data-id=\"74c5bbc\" data-element_type=\"column\">\n\t\t\t<div class=\"elementor-widget-wrap elementor-element-populated\">\n\t\t\t\t\t\t<div class=\"elementor-element elementor-element-13b64b2 ekit-equal-height-disable elementor-widget elementor-widget-elementskit-icon-box\" data-id=\"13b64b2\" data-element_type=\"widget\" data-widget_type=\"elementskit-icon-box.default\">\n\t\t\t\t<div class=\"elementor-widget-container\">\n\t\t\t\t\t<div class=\"ekit-wid-con\" >        <!-- link opening -->\n                <a href=\"https:\/\/drive.google.com\/file\/d\/1yU6-NrEp_YXUJzLEpcD_OeSPQbgbqEG6\/view?usp=sharing\" target=\"_blank\" class=\"ekit_global_links\">\n                <!-- end link opening -->\n\n        <div class=\"elementskit-infobox text-center text- icon-top-align elementor-animation-\">\n                    <div class=\"elementskit-box-header elementor-animation-\">\n                <div class=\"elementskit-info-box-icon\">\n                    <i aria-hidden=\"true\" class=\"elementkit-infobox-icon icon icon-book1\"><\/i>\n                <\/div>\n          <\/div>\n                        <div class=\"box-body\">\n                            <h3 class=\"elementskit-info-box-title\">\n                    2020                <\/h3>\n                        \t\t  \t<p>Work Balance Sheet<\/p>\n                                <\/div>\n        \n        \n                <\/div>\n                <\/a>\n        <\/div>\t\t\t\t<\/div>\n\t\t\t\t<\/div>\n\t\t\t\t<div class=\"elementor-element elementor-element-1ea6ea33 ekit-equal-height-disable elementor-widget elementor-widget-elementskit-icon-box\" data-id=\"1ea6ea33\" data-element_type=\"widget\" data-widget_type=\"elementskit-icon-box.default\">\n\t\t\t\t<div class=\"elementor-widget-container\">\n\t\t\t\t\t<div class=\"ekit-wid-con\" >        <!-- link opening -->\n                <a href=\"https:\/\/drive.google.com\/file\/d\/1XQhHchO_YK_PMZktXF34YQpKvEc6qSIV\/view?usp=sharing\" target=\"_blank\" class=\"ekit_global_links\">\n                <!-- end link opening -->\n\n        <div class=\"elementskit-infobox text-center text- icon-top-align elementor-animation-\">\n                    <div class=\"elementskit-box-header elementor-animation-\">\n                <div class=\"elementskit-info-box-icon\">\n                    <i aria-hidden=\"true\" class=\"elementkit-infobox-icon icon icon-book1\"><\/i>\n                <\/div>\n          <\/div>\n                        <div class=\"box-body\">\n                            <h3 class=\"elementskit-info-box-title\">\n                    2017                <\/h3>\n                        \t\t  \t<p>Work Balance Sheet<\/p>\n                                <\/div>\n        \n        \n                <\/div>\n                <\/a>\n        <\/div>\t\t\t\t<\/div>\n\t\t\t\t<\/div>\n\t\t\t\t\t<\/div>\n\t\t<\/div>\n\t\t\t\t\t<\/div>\n\t\t<\/section>\n\t\t\t\t<section class=\"elementor-section elementor-top-section elementor-element elementor-element-558d9800 elementor-section-boxed elementor-section-height-default elementor-section-height-default\" data-id=\"558d9800\" data-element_type=\"section\" data-settings=\"{&quot;background_background&quot;:&quot;classic&quot;}\">\n\t\t\t\t\t\t<div class=\"elementor-container elementor-column-gap-no\">\n\t\t\t\t\t<div class=\"elementor-column elementor-col-100 elementor-top-column elementor-element elementor-element-64950c00\" data-id=\"64950c00\" data-element_type=\"column\">\n\t\t\t<div class=\"elementor-widget-wrap elementor-element-populated\">\n\t\t\t\t\t\t<section class=\"elementor-section elementor-inner-section elementor-element elementor-element-66e36c60 elementor-section-content-middle elementor-section-boxed elementor-section-height-default elementor-section-height-default\" data-id=\"66e36c60\" data-element_type=\"section\">\n\t\t\t\t\t\t<div class=\"elementor-container elementor-column-gap-no\">\n\t\t\t\t\t<div class=\"elementor-column elementor-col-33 elementor-inner-column elementor-element elementor-element-6885dbdb\" data-id=\"6885dbdb\" data-element_type=\"column\">\n\t\t\t<div class=\"elementor-widget-wrap elementor-element-populated\">\n\t\t\t\t\t\t<div class=\"elementor-element elementor-element-6d2d7ef6 elementor-widget elementor-widget-image\" data-id=\"6d2d7ef6\" data-element_type=\"widget\" data-widget_type=\"image.default\">\n\t\t\t\t<div class=\"elementor-widget-container\">\n\t\t\t\t\t\t\t\t\t\t\t\t\t\t\t\t<a href=\"https:\/\/amdaf.org\/en\/\">\n\t\t\t\t\t\t\t<img decoding=\"async\" width=\"183\" height=\"61\" src=\"https:\/\/amdaf.org\/wp-content\/uploads\/2021\/02\/logo.png\" class=\"attachment-full size-full wp-image-19\" alt=\"\" \/>\t\t\t\t\t\t\t\t<\/a>\n\t\t\t\t\t\t\t\t\t\t\t\t\t\t\t<\/div>\n\t\t\t\t<\/div>\n\t\t\t\t\t<\/div>\n\t\t<\/div>\n\t\t\t\t<div class=\"elementor-column elementor-col-33 elementor-inner-column elementor-element elementor-element-5e3dd610\" data-id=\"5e3dd610\" data-element_type=\"column\">\n\t\t\t<div class=\"elementor-widget-wrap elementor-element-populated\">\n\t\t\t\t\t\t<div class=\"elementor-element elementor-element-1c149381 elementor-widget elementor-widget-ekit-nav-menu\" data-id=\"1c149381\" data-element_type=\"widget\" data-widget_type=\"ekit-nav-menu.default\">\n\t\t\t\t<div class=\"elementor-widget-container\">\n\t\t\t\t\t\t\t<nav class=\"ekit-wid-con ekit_menu_responsive_tablet\" \n\t\t\tdata-hamburger-icon=\"\" \n\t\t\tdata-hamburger-icon-type=\"icon\" \n\t\t\tdata-responsive-breakpoint=\"1024\">\n\t\t\t        <\/nav>\n\t\t\t\t\t\t<\/div>\n\t\t\t\t<\/div>\n\t\t\t\t\t<\/div>\n\t\t<\/div>\n\t\t\t\t<div class=\"elementor-column elementor-col-33 elementor-inner-column elementor-element elementor-element-22765865\" data-id=\"22765865\" data-element_type=\"column\">\n\t\t\t<div class=\"elementor-widget-wrap elementor-element-populated\">\n\t\t\t\t\t\t<div class=\"elementor-element elementor-element-43bcc9e3 elementor-widget__width-auto elementor-widget elementor-widget-elementskit-header-search\" data-id=\"43bcc9e3\" data-element_type=\"widget\" data-widget_type=\"elementskit-header-search.default\">\n\t\t\t\t<div class=\"elementor-widget-container\">\n\t\t\t\t\t<div class=\"ekit-wid-con\" >        <a href=\"#ekit_modal-popup-43bcc9e3\" class=\"ekit_navsearch-button ekit-modal-popup\" aria-label=\"navsearch-button\">\n            <i aria-hidden=\"true\" class=\"fas fa-search\"><\/i>        <\/a>\n        <!-- language switcher strart -->\n        <!-- xs modal -->\n        <div class=\"zoom-anim-dialog mfp-hide ekit_modal-searchPanel\" id=\"ekit_modal-popup-43bcc9e3\">\n            <div class=\"ekit-search-panel\">\n            <!-- Polylang search - thanks to Alain Melsens -->\n                <form role=\"search\" method=\"get\" class=\"ekit-search-group\" action=\"https:\/\/amdaf.org\/en\/\" data-trp-original-action=\"https:\/\/amdaf.org\/en\/\">\n                    <input type=\"search\" class=\"ekit_search-field\" aria-label=\"search-form\" placeholder=\"Search...\" value=\"\" name=\"s\">\n\t\t\t\t\t<button type=\"submit\" class=\"ekit_search-button\" aria-label=\"search-button\">\n                        <i aria-hidden=\"true\" class=\"fas fa-search\"><\/i>                    <\/button>\n                <input type=\"hidden\" name=\"trp-form-language\" value=\"en\"\/><\/form>\n            <\/div>\n        <\/div><!-- End xs modal -->\n        <!-- end language switcher strart -->\n        <\/div>\t\t\t\t<\/div>\n\t\t\t\t<\/div>\n\t\t\t\t<div class=\"elementor-element elementor-element-32f0e897 elementor-widget__width-auto elementor-hidden-tablet elementor-hidden-phone ekit-off-canvas-position-right elementor-widget elementor-widget-elementskit-header-offcanvas\" data-id=\"32f0e897\" data-element_type=\"widget\" data-widget_type=\"elementskit-header-offcanvas.default\">\n\t\t\t\t<div class=\"elementor-widget-container\">\n\t\t\t\t\t<div class=\"ekit-wid-con\" >        <div class=\"ekit-offcanvas-toggle-wraper before\">\n            <a href=\"#\" class=\"ekit_navSidebar-button ekit_offcanvas-sidebar\" aria-label=\"offcanvas-menu\">\n                <i aria-hidden=\"true\" class=\"icon icon-menu-button-of-three-horizontal-lines\"><\/i>            <\/a>\n        <\/div>\n        <!-- offset cart strart -->\n        <!-- sidebar cart item -->\n        <div class=\"ekit-sidebar-group info-group ekit-slide\" data-settings=\"{&quot;disable_bodyscroll&quot;:&quot;&quot;}\">\n            <div class=\"ekit-overlay ekit-bg-black\"><\/div>\n            <div class=\"ekit-sidebar-widget\">\n                <div class=\"ekit_sidebar-widget-container\">\n                    <div class=\"ekit_widget-heading before\">\n                        <a href=\"#\" class=\"ekit_close-side-widget\" aria-label=\"close-icon\">\n\n\t\t\t\t\t\t\t<i aria-hidden=\"true\" class=\"fas fa-times\"><\/i>\n                        <\/a>\n                    <\/div>\n                    <div class=\"ekit_sidebar-textwidget\">\n                        \n\t\t<div class=\"widgetarea_warper widgetarea_warper_editable\" data-elementskit-widgetarea-key=\"2da0dcd\"  data-elementskit-widgetarea-index=\"99\">\n\t\t\t\n\t\t\t\n\t\t\t\t\t\t\t\t<div class=\"ekit-widget-area-container\">\n\t\t\t\t\tClick on the Edit Content button to edit\/add the content.\t\t\t\t\t<\/div>\n\t\t\t\t\t\t<\/div>\n\t\t \n                    <\/div>\n                <\/div>\n            <\/div>\n        <\/div> <!-- END sidebar widget item -->\n        <!-- END offset cart strart -->\n        <\/div>\t\t\t\t<\/div>\n\t\t\t\t<\/div>\n\t\t\t\t\t<\/div>\n\t\t<\/div>\n\t\t\t\t\t<\/div>\n\t\t<\/section>\n\t\t\t\t\t<\/div>\n\t\t<\/div>\n\t\t\t\t\t<\/div>\n\t\t<\/section>\n\t\t\t\t<\/div>","protected":false},"excerpt":{"rendered":"<p>\u00c9tica e Transpar\u00eancia Pol\u00edtica Antifraude e de Combate \u00e0 Corrup\u00e7\u00e3o da AMDAF C\u00f3digo de \u00c9tica e Pol\u00edtica de Integridade da AMDAF Documentos 2022 Balancete de trabalho 2019 Balancete de trabalho 2021 Balancete de trabalho 2018 Balancete de trabalho 2016 Balancete de trabalho 2020 Balancete de trabalho 2017 Balancete de trabalho Edit Click here to add&hellip;&nbsp;<a href=\"https:\/\/amdaf.org\/en\/etica-e-transparencia\/\" class=\"\" rel=\"bookmark\">Read More &raquo;<span class=\"screen-reader-text\">Ethics and Transparency<\/span><\/a><\/p>","protected":false},"author":12,"featured_media":0,"parent":0,"menu_order":0,"comment_status":"closed","ping_status":"closed","template":"elementor_canvas","meta":{"neve_meta_sidebar":"","neve_meta_container":"","neve_meta_enable_content_width":"","neve_meta_content_width":0,"neve_meta_title_alignment":"","neve_meta_author_avatar":"","neve_post_elements_order":"","neve_meta_disable_header":"","neve_meta_disable_footer":"","neve_meta_disable_title":"","footnotes":""},"class_list":["post-1675","page","type-page","status-publish","hentry"],"_links":{"self":[{"href":"https:\/\/amdaf.org\/en\/wp-json\/wp\/v2\/pages\/1675","targetHints":{"allow":["GET"]}}],"collection":[{"href":"https:\/\/amdaf.org\/en\/wp-json\/wp\/v2\/pages"}],"about":[{"href":"https:\/\/amdaf.org\/en\/wp-json\/wp\/v2\/types\/page"}],"author":[{"embeddable":true,"href":"https:\/\/amdaf.org\/en\/wp-json\/wp\/v2\/users\/12"}],"replies":[{"embeddable":true,"href":"https:\/\/amdaf.org\/en\/wp-json\/wp\/v2\/comments?post=1675"}],"version-history":[{"count":19,"href":"https:\/\/amdaf.org\/en\/wp-json\/wp\/v2\/pages\/1675\/revisions"}],"predecessor-version":[{"id":2032,"href":"https:\/\/amdaf.org\/en\/wp-json\/wp\/v2\/pages\/1675\/revisions\/2032"}],"wp:attachment":[{"href":"https:\/\/amdaf.org\/en\/wp-json\/wp\/v2\/media?parent=1675"}],"curies":[{"name":"wp","href":"https:\/\/api.w.org\/{rel}","templated":true}]}}